{"id":14,"date":"2011-12-27T10:13:21","date_gmt":"2011-12-27T10:13:21","guid":{"rendered":"http:\/\/sebastianscherrer.de\/website\/?page_id=14"},"modified":"2025-10-14T15:14:31","modified_gmt":"2025-10-14T15:14:31","slug":"curriculum-vitae","status":"publish","type":"page","link":"https:\/\/sebastianscherrer.de\/index.php\/curriculum-vitae\/","title":{"rendered":"Curriculum Vitae"},"content":{"rendered":"\n<figure class=\"wp-block-image size-full\"><img loading=\"lazy\" decoding=\"async\" width=\"2560\" height=\"2048\" src=\"https:\/\/sebastianscherrer.de\/wp-content\/uploads\/2024\/05\/20240521-IMG_4746-Bearbeitet-8-scaled.jpg\" alt=\"Sebastian Scherrer\" class=\"wp-image-649\" srcset=\"https:\/\/sebastianscherrer.de\/wp-content\/uploads\/2024\/05\/20240521-IMG_4746-Bearbeitet-8-scaled.jpg 2560w, https:\/\/sebastianscherrer.de\/wp-content\/uploads\/2024\/05\/20240521-IMG_4746-Bearbeitet-8-300x240.jpg 300w, https:\/\/sebastianscherrer.de\/wp-content\/uploads\/2024\/05\/20240521-IMG_4746-Bearbeitet-8-1024x819.jpg 1024w, https:\/\/sebastianscherrer.de\/wp-content\/uploads\/2024\/05\/20240521-IMG_4746-Bearbeitet-8-768x614.jpg 768w, https:\/\/sebastianscherrer.de\/wp-content\/uploads\/2024\/05\/20240521-IMG_4746-Bearbeitet-8-1536x1229.jpg 1536w, https:\/\/sebastianscherrer.de\/wp-content\/uploads\/2024\/05\/20240521-IMG_4746-Bearbeitet-8-2048x1638.jpg 2048w\" sizes=\"auto, (max-width: 2560px) 100vw, 2560px\" \/><\/figure>\n\n\n\n<p><strong>Sebastian Scherrer<\/strong>, geboren 1980.<br><br>Seine berufliche Laufbahn ist durch das ZDF gepr\u00e4gt. Zwischen 2006 und 2017 war er in den ZDF-Redaktionen \u201eZeitgeschichte\u201d und \u201eTerra X\u201d t\u00e4tig, hier besonders im Rahmen gro\u00dfer Projekte wie <a href=\"https:\/\/www.zdf.de\/dokumentation\/terra-x\/die-deutschen-140.html\">DIE DEUTSCHEN<\/a>. Als Regisseur und Autor schrieb und realisierte er zahlreiche Dokumentationen f\u00fcr \u201eTerra X\u201c, \u201eTerra X History\u201c, sowie viele weitere Formate des ZDF, beispielsweise die sechsteilige Reihe <a href=\"https:\/\/www.zdf.de\/dokumentation\/terra-x\/deutschland-saga-152.html\">DIE DEUTSCHLAND-SAGA<\/a> mit Christopher Clark.<br><br>Sebastian Scherrer studierte Geschichte, Historische Anthropologie und Kognitionswissenschaft an der Albert-Ludwigs-Universit\u00e4t Freiburg und der Wesleyan University in den USA, wo er 2009 seinen Abschluss als Magister Artium erlangte. W\u00e4hrend seines Studiums erhielt er Stipendien von der Fulbright Commission und der Landesstiftung Baden-W\u00fcrttemberg. Den Abschluss in Regie erlangte er 2014 an der Filmakademie Baden-W\u00fcrttemberg in Ludwigsburg.<\/p>\n\n\n\n<p>Neben Film- und TV gilt sein besonderes Interesse Themen aus <a href=\"https:\/\/gfffv.de\">Waldbrandbek\u00e4mpfung <\/a>und Katastrophenschutz.<\/p>\n\n\n\n<div class=\"wp-block-buttons is-content-justification-center is-layout-flex wp-container-core-buttons-is-layout-a89b3969 wp-block-buttons-is-layout-flex\">\n<div class=\"wp-block-button\"><a class=\"wp-block-button__link wp-element-button\" href=\"https:\/\/sebastianscherrer.de\/index.php\/filmographie\/\">Filmographie<\/a><\/div>\n<\/div>\n","protected":false},"excerpt":{"rendered":"<p>Sebastian Scherrer, geboren 1980. Seine berufliche Laufbahn ist durch das ZDF gepr\u00e4gt. Zwischen 2006 und 2017 war er in den ZDF-Redaktionen \u201eZeitgeschichte\u201d und \u201eTerra X\u201d t\u00e4tig, hier besonders im Rahmen gro\u00dfer Projekte wie DIE DEUTSCHEN. Als Regisseur und Autor schrieb und realisierte er zahlreiche Dokumentationen f\u00fcr \u201eTerra X\u201c, \u201eTerra X History\u201c, sowie viele weitere Formate [&hellip;]<\/p>\n","protected":false},"author":1,"featured_media":0,"parent":0,"menu_order":0,"comment_status":"closed","ping_status":"open","template":"","meta":{"footnotes":""},"class_list":["post-14","page","type-page","status-publish","hentry"],"yoast_head":"<!-- This site is optimized with the Yoast SEO plugin v27.3 - https:\/\/yoast.com\/product\/yoast-seo-wordpress\/ -->\n<title>Curriculum Vitae - Sebastian Scherrer<\/title>\n<meta name=\"description\" content=\"Entdecken Sie den Lebenslauf von Sebastian Scherrer, einem erfahrenen und innovativen TV-Regisseur und Produzenten. Erfahren Sie mehr \u00fcber seine berufliche Laufbahn und Projekte.\" \/>\n<meta name=\"robots\" content=\"index, follow, max-snippet:-1, max-image-preview:large, max-video-preview:-1\" \/>\n<link rel=\"canonical\" href=\"https:\/\/sebastianscherrer.de\/index.php\/curriculum-vitae\/\" \/>\n<meta property=\"og:locale\" content=\"de_DE\" \/>\n<meta property=\"og:type\" content=\"article\" \/>\n<meta property=\"og:title\" content=\"Curriculum Vitae - Sebastian Scherrer\" \/>\n<meta property=\"og:description\" content=\"Entdecken Sie den Lebenslauf von Sebastian Scherrer, einem erfahrenen und innovativen TV-Regisseur und Produzenten. Erfahren Sie mehr \u00fcber seine berufliche Laufbahn und Projekte.\" \/>\n<meta property=\"og:url\" content=\"https:\/\/sebastianscherrer.de\/index.php\/curriculum-vitae\/\" \/>\n<meta property=\"og:site_name\" content=\"Sebastian Scherrer\" \/>\n<meta property=\"article:publisher\" content=\"https:\/\/www.facebook.com\/sebastian.scherrer.52\" \/>\n<meta property=\"article:modified_time\" content=\"2025-10-14T15:14:31+00:00\" \/>\n<meta property=\"og:image\" content=\"https:\/\/sebastianscherrer.de\/wp-content\/uploads\/2024\/05\/20240521-IMG_4746-Bearbeitet-8-scaled.jpg\" \/>\n\t<meta property=\"og:image:width\" content=\"2560\" \/>\n\t<meta property=\"og:image:height\" content=\"2048\" \/>\n\t<meta property=\"og:image:type\" content=\"image\/jpeg\" \/>\n<meta name=\"twitter:card\" content=\"summary_large_image\" \/>\n<meta name=\"twitter:site\" content=\"@scherrerfilm\" \/>\n<meta name=\"twitter:label1\" content=\"Gesch\u00e4tzte Lesezeit\" \/>\n\t<meta name=\"twitter:data1\" content=\"1\u00a0Minute\" \/>\n<script type=\"application\/ld+json\" class=\"yoast-schema-graph\">{\"@context\":\"https:\\\/\\\/schema.org\",\"@graph\":[{\"@type\":\"WebPage\",\"@id\":\"https:\\\/\\\/sebastianscherrer.de\\\/index.php\\\/curriculum-vitae\\\/\",\"url\":\"https:\\\/\\\/sebastianscherrer.de\\\/index.php\\\/curriculum-vitae\\\/\",\"name\":\"Curriculum Vitae - Sebastian Scherrer\",\"isPartOf\":{\"@id\":\"https:\\\/\\\/sebastianscherrer.de\\\/#website\"},\"primaryImageOfPage\":{\"@id\":\"https:\\\/\\\/sebastianscherrer.de\\\/index.php\\\/curriculum-vitae\\\/#primaryimage\"},\"image\":{\"@id\":\"https:\\\/\\\/sebastianscherrer.de\\\/index.php\\\/curriculum-vitae\\\/#primaryimage\"},\"thumbnailUrl\":\"https:\\\/\\\/sebastianscherrer.de\\\/wp-content\\\/uploads\\\/2024\\\/05\\\/20240521-IMG_4746-Bearbeitet-8-scaled.jpg\",\"datePublished\":\"2011-12-27T10:13:21+00:00\",\"dateModified\":\"2025-10-14T15:14:31+00:00\",\"description\":\"Entdecken Sie den Lebenslauf von Sebastian Scherrer, einem erfahrenen und innovativen TV-Regisseur und Produzenten. Erfahren Sie mehr \u00fcber seine berufliche Laufbahn und Projekte.\",\"breadcrumb\":{\"@id\":\"https:\\\/\\\/sebastianscherrer.de\\\/index.php\\\/curriculum-vitae\\\/#breadcrumb\"},\"inLanguage\":\"de\",\"potentialAction\":[{\"@type\":\"ReadAction\",\"target\":[\"https:\\\/\\\/sebastianscherrer.de\\\/index.php\\\/curriculum-vitae\\\/\"]}]},{\"@type\":\"ImageObject\",\"inLanguage\":\"de\",\"@id\":\"https:\\\/\\\/sebastianscherrer.de\\\/index.php\\\/curriculum-vitae\\\/#primaryimage\",\"url\":\"https:\\\/\\\/sebastianscherrer.de\\\/wp-content\\\/uploads\\\/2024\\\/05\\\/20240521-IMG_4746-Bearbeitet-8-scaled.jpg\",\"contentUrl\":\"https:\\\/\\\/sebastianscherrer.de\\\/wp-content\\\/uploads\\\/2024\\\/05\\\/20240521-IMG_4746-Bearbeitet-8-scaled.jpg\",\"width\":2560,\"height\":2048},{\"@type\":\"BreadcrumbList\",\"@id\":\"https:\\\/\\\/sebastianscherrer.de\\\/index.php\\\/curriculum-vitae\\\/#breadcrumb\",\"itemListElement\":[{\"@type\":\"ListItem\",\"position\":1,\"name\":\"Startseite\",\"item\":\"https:\\\/\\\/sebastianscherrer.de\\\/\"},{\"@type\":\"ListItem\",\"position\":2,\"name\":\"Curriculum Vitae\"}]},{\"@type\":\"WebSite\",\"@id\":\"https:\\\/\\\/sebastianscherrer.de\\\/#website\",\"url\":\"https:\\\/\\\/sebastianscherrer.de\\\/\",\"name\":\"Sebastian Scherrer\",\"description\":\"TV-Regisseur - Offizielle Website\",\"publisher\":{\"@id\":\"https:\\\/\\\/sebastianscherrer.de\\\/#organization\"},\"potentialAction\":[{\"@type\":\"SearchAction\",\"target\":{\"@type\":\"EntryPoint\",\"urlTemplate\":\"https:\\\/\\\/sebastianscherrer.de\\\/?s={search_term_string}\"},\"query-input\":{\"@type\":\"PropertyValueSpecification\",\"valueRequired\":true,\"valueName\":\"search_term_string\"}}],\"inLanguage\":\"de\"},{\"@type\":\"Organization\",\"@id\":\"https:\\\/\\\/sebastianscherrer.de\\\/#organization\",\"name\":\"Sebastian Scherrer - Regisseur und TV-Journalist\",\"url\":\"https:\\\/\\\/sebastianscherrer.de\\\/\",\"logo\":{\"@type\":\"ImageObject\",\"inLanguage\":\"de\",\"@id\":\"https:\\\/\\\/sebastianscherrer.de\\\/#\\\/schema\\\/logo\\\/image\\\/\",\"url\":\"https:\\\/\\\/sebastianscherrer.de\\\/wp-content\\\/uploads\\\/2024\\\/05\\\/firefighter-director-icon-white.png\",\"contentUrl\":\"https:\\\/\\\/sebastianscherrer.de\\\/wp-content\\\/uploads\\\/2024\\\/05\\\/firefighter-director-icon-white.png\",\"width\":754,\"height\":754,\"caption\":\"Sebastian Scherrer - Regisseur und TV-Journalist\"},\"image\":{\"@id\":\"https:\\\/\\\/sebastianscherrer.de\\\/#\\\/schema\\\/logo\\\/image\\\/\"},\"sameAs\":[\"https:\\\/\\\/www.facebook.com\\\/sebastian.scherrer.52\",\"https:\\\/\\\/x.com\\\/scherrerfilm\",\"https:\\\/\\\/www.youtube.com\\\/channel\\\/UClZZmgbaStKethPBAJik-SA\"]}]}<\/script>\n<!-- \/ Yoast SEO plugin. -->","yoast_head_json":{"title":"Curriculum Vitae - Sebastian Scherrer","description":"Entdecken Sie den Lebenslauf von Sebastian Scherrer, einem erfahrenen und innovativen TV-Regisseur und Produzenten. Erfahren Sie mehr \u00fcber seine berufliche Laufbahn und Projekte.","robots":{"index":"index","follow":"follow","max-snippet":"max-snippet:-1","max-image-preview":"max-image-preview:large","max-video-preview":"max-video-preview:-1"},"canonical":"https:\/\/sebastianscherrer.de\/index.php\/curriculum-vitae\/","og_locale":"de_DE","og_type":"article","og_title":"Curriculum Vitae - Sebastian Scherrer","og_description":"Entdecken Sie den Lebenslauf von Sebastian Scherrer, einem erfahrenen und innovativen TV-Regisseur und Produzenten. Erfahren Sie mehr \u00fcber seine berufliche Laufbahn und Projekte.","og_url":"https:\/\/sebastianscherrer.de\/index.php\/curriculum-vitae\/","og_site_name":"Sebastian Scherrer","article_publisher":"https:\/\/www.facebook.com\/sebastian.scherrer.52","article_modified_time":"2025-10-14T15:14:31+00:00","og_image":[{"width":2560,"height":2048,"url":"https:\/\/sebastianscherrer.de\/wp-content\/uploads\/2024\/05\/20240521-IMG_4746-Bearbeitet-8-scaled.jpg","type":"image\/jpeg"}],"twitter_card":"summary_large_image","twitter_site":"@scherrerfilm","twitter_misc":{"Gesch\u00e4tzte Lesezeit":"1\u00a0Minute"},"schema":{"@context":"https:\/\/schema.org","@graph":[{"@type":"WebPage","@id":"https:\/\/sebastianscherrer.de\/index.php\/curriculum-vitae\/","url":"https:\/\/sebastianscherrer.de\/index.php\/curriculum-vitae\/","name":"Curriculum Vitae - Sebastian Scherrer","isPartOf":{"@id":"https:\/\/sebastianscherrer.de\/#website"},"primaryImageOfPage":{"@id":"https:\/\/sebastianscherrer.de\/index.php\/curriculum-vitae\/#primaryimage"},"image":{"@id":"https:\/\/sebastianscherrer.de\/index.php\/curriculum-vitae\/#primaryimage"},"thumbnailUrl":"https:\/\/sebastianscherrer.de\/wp-content\/uploads\/2024\/05\/20240521-IMG_4746-Bearbeitet-8-scaled.jpg","datePublished":"2011-12-27T10:13:21+00:00","dateModified":"2025-10-14T15:14:31+00:00","description":"Entdecken Sie den Lebenslauf von Sebastian Scherrer, einem erfahrenen und innovativen TV-Regisseur und Produzenten. Erfahren Sie mehr \u00fcber seine berufliche Laufbahn und Projekte.","breadcrumb":{"@id":"https:\/\/sebastianscherrer.de\/index.php\/curriculum-vitae\/#breadcrumb"},"inLanguage":"de","potentialAction":[{"@type":"ReadAction","target":["https:\/\/sebastianscherrer.de\/index.php\/curriculum-vitae\/"]}]},{"@type":"ImageObject","inLanguage":"de","@id":"https:\/\/sebastianscherrer.de\/index.php\/curriculum-vitae\/#primaryimage","url":"https:\/\/sebastianscherrer.de\/wp-content\/uploads\/2024\/05\/20240521-IMG_4746-Bearbeitet-8-scaled.jpg","contentUrl":"https:\/\/sebastianscherrer.de\/wp-content\/uploads\/2024\/05\/20240521-IMG_4746-Bearbeitet-8-scaled.jpg","width":2560,"height":2048},{"@type":"BreadcrumbList","@id":"https:\/\/sebastianscherrer.de\/index.php\/curriculum-vitae\/#breadcrumb","itemListElement":[{"@type":"ListItem","position":1,"name":"Startseite","item":"https:\/\/sebastianscherrer.de\/"},{"@type":"ListItem","position":2,"name":"Curriculum Vitae"}]},{"@type":"WebSite","@id":"https:\/\/sebastianscherrer.de\/#website","url":"https:\/\/sebastianscherrer.de\/","name":"Sebastian Scherrer","description":"TV-Regisseur - Offizielle Website","publisher":{"@id":"https:\/\/sebastianscherrer.de\/#organization"},"potentialAction":[{"@type":"SearchAction","target":{"@type":"EntryPoint","urlTemplate":"https:\/\/sebastianscherrer.de\/?s={search_term_string}"},"query-input":{"@type":"PropertyValueSpecification","valueRequired":true,"valueName":"search_term_string"}}],"inLanguage":"de"},{"@type":"Organization","@id":"https:\/\/sebastianscherrer.de\/#organization","name":"Sebastian Scherrer - Regisseur und TV-Journalist","url":"https:\/\/sebastianscherrer.de\/","logo":{"@type":"ImageObject","inLanguage":"de","@id":"https:\/\/sebastianscherrer.de\/#\/schema\/logo\/image\/","url":"https:\/\/sebastianscherrer.de\/wp-content\/uploads\/2024\/05\/firefighter-director-icon-white.png","contentUrl":"https:\/\/sebastianscherrer.de\/wp-content\/uploads\/2024\/05\/firefighter-director-icon-white.png","width":754,"height":754,"caption":"Sebastian Scherrer - Regisseur und TV-Journalist"},"image":{"@id":"https:\/\/sebastianscherrer.de\/#\/schema\/logo\/image\/"},"sameAs":["https:\/\/www.facebook.com\/sebastian.scherrer.52","https:\/\/x.com\/scherrerfilm","https:\/\/www.youtube.com\/channel\/UClZZmgbaStKethPBAJik-SA"]}]}},"_links":{"self":[{"href":"https:\/\/sebastianscherrer.de\/index.php\/wp-json\/wp\/v2\/pages\/14","targetHints":{"allow":["GET"]}}],"collection":[{"href":"https:\/\/sebastianscherrer.de\/index.php\/wp-json\/wp\/v2\/pages"}],"about":[{"href":"https:\/\/sebastianscherrer.de\/index.php\/wp-json\/wp\/v2\/types\/page"}],"author":[{"embeddable":true,"href":"https:\/\/sebastianscherrer.de\/index.php\/wp-json\/wp\/v2\/users\/1"}],"replies":[{"embeddable":true,"href":"https:\/\/sebastianscherrer.de\/index.php\/wp-json\/wp\/v2\/comments?post=14"}],"version-history":[{"count":38,"href":"https:\/\/sebastianscherrer.de\/index.php\/wp-json\/wp\/v2\/pages\/14\/revisions"}],"predecessor-version":[{"id":751,"href":"https:\/\/sebastianscherrer.de\/index.php\/wp-json\/wp\/v2\/pages\/14\/revisions\/751"}],"wp:attachment":[{"href":"https:\/\/sebastianscherrer.de\/index.php\/wp-json\/wp\/v2\/media?parent=14"}],"curies":[{"name":"wp","href":"https:\/\/api.w.org\/{rel}","templated":true}]}}